{"id":286,"date":"2026-02-16T18:32:55","date_gmt":"2026-02-16T18:32:55","guid":{"rendered":"https:\/\/leadedola.fr\/?page_id=286"},"modified":"2026-02-17T10:49:13","modified_gmt":"2026-02-17T10:49:13","slug":"sento","status":"publish","type":"page","link":"https:\/\/leadedola.fr\/index.php\/sento\/","title":{"rendered":"Sento"},"content":{"rendered":"\n<p><em>[Conception] Studio Paul et L\u00e9a<\/em><\/p>\n\n\n\n<p><em>[D\u00e9veloppeur Max 4 Live] Ars\u00e8ne Martinet<\/em><\/p>\n\n\n\n<div class=\"alignnormal\"><!-- MetaSlider 402 not found --><\/div>\n\n\n\n<p><strong>The Concept<\/strong><\/p>\n\n\n\n<p>Born from a reflection on digital intimacies, the <em>Sento<\/em> series explores sensuality and human connections when mediated by technologies and artworks.<\/p>\n\n\n\n<p>It asks: <em>\u201cWhat happens to pleasure when it exists at the boundary between the real and the virtual? The intimate and the collective?\u201d<\/em><\/p>\n\n\n\n<p>The work functions as an abstract yet sexual sculpture, a form that evokes desire without ever fixing it into an explicit representation. Here, abstraction becomes a tool for displacement: it allows experiences to emerge while circumventing the realm of pornographic imagery or direct projection.<\/p>\n\n\n\n<div class=\"alignnormal\"><!-- MetaSlider 402 not found --><\/div>\n\n\n\n<p><strong>The Creation Process<\/strong><\/p>\n\n\n\n<p>The development of <em>SENTO No. 1<\/em> begins with the design of organic forms inspired by the curves of the body. These volumes are then shaped and deformed in PETG, a translucent material whose plasticity and fragility allow for the exploration of light and tactile tension.<\/p>\n\n\n\n<p>On the interactive level, the sculptures are equipped with exciters that respond to the contact of the hands. This touch becomes a signal, then sonic material.<\/p>\n\n\n\n<p>The generated sounds result from a hybridization of digital synthesis and recorded voices, then spatialized in space. When all four sensors are activated simultaneously, the sculpture reaches its point of orgasm: the \u201cclimax.\u201d<\/p>\n","protected":false},"excerpt":{"rendered":"<p>[Conception] Studio Paul et L\u00e9a [D\u00e9veloppeur Max 4 Live] Ars\u00e8ne Martinet The Concept Born from a reflection on digital intimacies, the Sento series explores sensuality and human connections when mediated by technologies and artworks. It asks: \u201cWhat happens to pleasure when it exists at the boundary between the real and the virtual? The intimate and [&hellip;]<\/p>\n","protected":false},"author":1,"featured_media":0,"parent":0,"menu_order":0,"comment_status":"closed","ping_status":"closed","template":"","meta":{"footnotes":""},"class_list":["post-286","page","type-page","status-publish","hentry"],"_links":{"self":[{"href":"https:\/\/leadedola.fr\/index.php\/wp-json\/wp\/v2\/pages\/286","targetHints":{"allow":["GET"]}}],"collection":[{"href":"https:\/\/leadedola.fr\/index.php\/wp-json\/wp\/v2\/pages"}],"about":[{"href":"https:\/\/leadedola.fr\/index.php\/wp-json\/wp\/v2\/types\/page"}],"author":[{"embeddable":true,"href":"https:\/\/leadedola.fr\/index.php\/wp-json\/wp\/v2\/users\/1"}],"replies":[{"embeddable":true,"href":"https:\/\/leadedola.fr\/index.php\/wp-json\/wp\/v2\/comments?post=286"}],"version-history":[{"count":4,"href":"https:\/\/leadedola.fr\/index.php\/wp-json\/wp\/v2\/pages\/286\/revisions"}],"predecessor-version":[{"id":421,"href":"https:\/\/leadedola.fr\/index.php\/wp-json\/wp\/v2\/pages\/286\/revisions\/421"}],"wp:attachment":[{"href":"https:\/\/leadedola.fr\/index.php\/wp-json\/wp\/v2\/media?parent=286"}],"curies":[{"name":"wp","href":"https:\/\/api.w.org\/{rel}","templated":true}]}}